{"id":164,"date":"2020-06-17T13:21:35","date_gmt":"2020-06-17T13:21:35","guid":{"rendered":"https:\/\/tasimaliegitim.com\/blog\/?page_id=164"},"modified":"2020-07-06T13:34:45","modified_gmt":"2020-07-06T13:34:45","slug":"yardim","status":"publish","type":"page","link":"https:\/\/tasimaliegitim.com\/blog\/yardim\/","title":{"rendered":"Yard\u0131m"},"content":{"rendered":"\n<p>Yakla\u015f\u0131k Maliyet hesab\u0131 online olarak nas\u0131l yap\u0131l\u0131r <\/p>\n\n\n\n<figure><iframe loading=\"lazy\" src=\"https:\/\/www.facebook.com\/plugins\/video.php?href=https%3A%2F%2Fwww.facebook.com%2Ftasimaliegitim%2Fvideos%2F713189716142906%2F&amp;show_text=1&amp;width=560\" width=\"560\" height=\"516\" allowfullscreen=\"true\"><\/iframe><\/figure>\n\n\n\n<p>Online Lisans Kayd\u0131 nas\u0131l  yap\u0131l\u0131r<\/p>\n\n\n\n<iframe loading=\"lazy\" src=\"https:\/\/www.facebook.com\/plugins\/video.php?href=https%3A%2F%2Fwww.facebook.com%2Ftasimaliegitim%2Fvideos%2F724047085074715%2F&amp;show_text=1&amp;width=560\" width=\"560\" height=\"522\" style=\"border:none;overflow:hidden\" scrolling=\"no\" frameborder=\"0\" allowtransparency=\"true\" allow=\"encrypted-media\" allowfullscreen=\"true\"><\/iframe>\n\n\n\n<figure class=\"wp-block-embed-youtube wp-block-embed is-type-video is-provider-youtube wp-embed-aspect-16-9 wp-has-aspect-ratio\"><div class=\"wp-block-embed__wrapper\">\n<iframe loading=\"lazy\" title=\"Firman\u0131z\u0131n bilgilerini ayarlay\u0131n\" width=\"640\" height=\"360\" src=\"https:\/\/www.youtube.com\/embed\/lDD5IlTkP60?feature=oembed\" frameborder=\"0\" allow=\"accelerometer; autoplay; clipboard-write; encrypted-media; gyroscope; picture-in-picture; web-share\" referrerpolicy=\"strict-origin-when-cross-origin\" allowfullscreen><\/iframe>\n<\/div><figcaption>Firma Bilgileri Ayarlama<\/figcaption><\/figure>\n\n\n\n<figure class=\"wp-block-embed-youtube wp-block-embed is-type-video is-provider-youtube wp-embed-aspect-16-9 wp-has-aspect-ratio\"><div class=\"wp-block-embed__wrapper\">\n<iframe loading=\"lazy\" title=\"ta\u015f\u0131mal\u0131 e\u011fitim sabitleri ayarlamak\" width=\"640\" height=\"360\" src=\"https:\/\/www.youtube.com\/embed\/85-25_mgkjM?start=14&#038;feature=oembed\" frameborder=\"0\" allow=\"accelerometer; autoplay; clipboard-write; encrypted-media; gyroscope; picture-in-picture; web-share\" referrerpolicy=\"strict-origin-when-cross-origin\" allowfullscreen><\/iframe>\n<\/div><\/figure>\n\n\n\n<p>Sabitleri ayarlama personel bilgileri maa\u015f i\u015flemleri gibi t\u00fcm fonksiyon \u00f6zelliklerini \u00f6nceden girmeniz gerekmektedir. bunun i\u00e7in sabitler b\u00f6l\u00fcm\u00fcnden ayarlamalar\u0131n\u0131z\u0131 yapabilirsiniz.<\/p>\n\n\n\n<figure class=\"wp-block-embed-youtube wp-block-embed is-type-video is-provider-youtube wp-embed-aspect-4-3 wp-has-aspect-ratio\"><div class=\"wp-block-embed__wrapper\">\n<iframe loading=\"lazy\" title=\"Meb okul servisi \u0130hale Teklif haz\u0131rlama nas\u0131l yap\u0131l\u0131r\" width=\"640\" height=\"480\" src=\"https:\/\/www.youtube.com\/embed\/77v2AxG8CFA?feature=oembed\" frameborder=\"0\" allow=\"accelerometer; autoplay; clipboard-write; encrypted-media; gyroscope; picture-in-picture; web-share\" referrerpolicy=\"strict-origin-when-cross-origin\" allowfullscreen><\/iframe>\n<\/div><\/figure>\n\n\n\n<figure class=\"wp-block-embed-youtube wp-block-embed is-type-video is-provider-youtube wp-embed-aspect-4-3 wp-has-aspect-ratio\"><div class=\"wp-block-embed__wrapper\">\n<iframe loading=\"lazy\" title=\"Okul servisi Maliyet Hesaplama Online Olarak Kaydetme\" width=\"640\" height=\"480\" src=\"https:\/\/www.youtube.com\/embed\/wG38Gqtqzg4?feature=oembed\" frameborder=\"0\" allow=\"accelerometer; autoplay; clipboard-write; encrypted-media; gyroscope; picture-in-picture; web-share\" referrerpolicy=\"strict-origin-when-cross-origin\" allowfullscreen><\/iframe>\n<\/div><figcaption>online lisans kayd\u0131 nas\u0131l yap\u0131l\u0131r<\/figcaption><\/figure>\n","protected":false},"excerpt":{"rendered":"<p>Yakla\u015f\u0131k Maliyet hesab\u0131 online olarak nas\u0131l yap\u0131l\u0131r Online Lisans Kayd\u0131 nas\u0131l yap\u0131l\u0131r Sabitleri ayarlama personel bilgileri maa\u015f i\u015flemleri gibi t\u00fcm fonksiyon \u00f6zelliklerini \u00f6nceden girmeniz gerekmektedir. bunun i\u00e7in sabitler b\u00f6l\u00fcm\u00fcnden ayarlamalar\u0131n\u0131z\u0131 yapabilirsiniz.<\/p>\n","protected":false},"author":2,"featured_media":521,"parent":0,"menu_order":0,"comment_status":"closed","ping_status":"closed","template":"","meta":{"footnotes":""},"class_list":["post-164","page","type-page","status-publish","has-post-thumbnail","hentry"],"yoast_head":"<!-- This site is optimized with the Yoast SEO plugin v27.0 - https:\/\/yoast.com\/product\/yoast-seo-wordpress\/ -->\n<title>Yard\u0131m | Ta\u015f\u0131mal\u0131 E\u011fitim Blog<\/title>\n<meta name=\"robots\" content=\"index, follow, max-snippet:-1, max-image-preview:large, max-video-preview:-1\" \/>\n<link rel=\"canonical\" href=\"https:\/\/tasimaliegitim.com\/blog\/yardim\/\" \/>\n<meta property=\"og:locale\" content=\"tr_TR\" \/>\n<meta property=\"og:type\" content=\"article\" \/>\n<meta property=\"og:title\" content=\"Yard\u0131m | Ta\u015f\u0131mal\u0131 E\u011fitim Blog\" \/>\n<meta property=\"og:description\" content=\"Yakla\u015f\u0131k Maliyet hesab\u0131 online olarak nas\u0131l yap\u0131l\u0131r Online Lisans Kayd\u0131 nas\u0131l yap\u0131l\u0131r Sabitleri ayarlama personel bilgileri maa\u015f i\u015flemleri gibi t\u00fcm fonksiyon \u00f6zelliklerini \u00f6nceden girmeniz gerekmektedir. bunun i\u00e7in sabitler b\u00f6l\u00fcm\u00fcnden ayarlamalar\u0131n\u0131z\u0131 yapabilirsiniz.\" \/>\n<meta property=\"og:url\" content=\"https:\/\/tasimaliegitim.com\/blog\/yardim\/\" \/>\n<meta property=\"og:site_name\" content=\"Ta\u015f\u0131mal\u0131 E\u011fitim Blog\" \/>\n<meta property=\"article:modified_time\" content=\"2020-07-06T13:34:45+00:00\" \/>\n<meta name=\"twitter:card\" content=\"summary_large_image\" \/>\n<script type=\"application\/ld+json\" class=\"yoast-schema-graph\">{\"@context\":\"https:\/\/schema.org\",\"@graph\":[{\"@type\":\"WebPage\",\"@id\":\"https:\/\/tasimaliegitim.com\/blog\/yardim\/\",\"url\":\"https:\/\/tasimaliegitim.com\/blog\/yardim\/\",\"name\":\"Yard\u0131m | Ta\u015f\u0131mal\u0131 E\u011fitim Blog\",\"isPartOf\":{\"@id\":\"https:\/\/tasimaliegitim.com\/blog\/#website\"},\"primaryImageOfPage\":{\"@id\":\"https:\/\/tasimaliegitim.com\/blog\/yardim\/#primaryimage\"},\"image\":{\"@id\":\"https:\/\/tasimaliegitim.com\/blog\/yardim\/#primaryimage\"},\"thumbnailUrl\":\"https:\/\/tasimaliegitim.com\/blog\/wp-content\/uploads\/2021\/10\/resim-yok.png\",\"datePublished\":\"2020-06-17T13:21:35+00:00\",\"dateModified\":\"2020-07-06T13:34:45+00:00\",\"breadcrumb\":{\"@id\":\"https:\/\/tasimaliegitim.com\/blog\/yardim\/#breadcrumb\"},\"inLanguage\":\"tr\",\"potentialAction\":[{\"@type\":\"ReadAction\",\"target\":[\"https:\/\/tasimaliegitim.com\/blog\/yardim\/\"]}]},{\"@type\":\"ImageObject\",\"inLanguage\":\"tr\",\"@id\":\"https:\/\/tasimaliegitim.com\/blog\/yardim\/#primaryimage\",\"url\":\"https:\/\/tasimaliegitim.com\/blog\/wp-content\/uploads\/2021\/10\/resim-yok.png\",\"contentUrl\":\"https:\/\/tasimaliegitim.com\/blog\/wp-content\/uploads\/2021\/10\/resim-yok.png\",\"width\":512,\"height\":352},{\"@type\":\"BreadcrumbList\",\"@id\":\"https:\/\/tasimaliegitim.com\/blog\/yardim\/#breadcrumb\",\"itemListElement\":[{\"@type\":\"ListItem\",\"position\":1,\"name\":\"Home\",\"item\":\"https:\/\/tasimaliegitim.com\/blog\/\"},{\"@type\":\"ListItem\",\"position\":2,\"name\":\"Yard\u0131m\"}]},{\"@type\":\"WebSite\",\"@id\":\"https:\/\/tasimaliegitim.com\/blog\/#website\",\"url\":\"https:\/\/tasimaliegitim.com\/blog\/\",\"name\":\"Ta\u015f\u0131mal\u0131 E\u011fitim Blog\",\"description\":\"\",\"publisher\":{\"@id\":\"https:\/\/tasimaliegitim.com\/blog\/#organization\"},\"potentialAction\":[{\"@type\":\"SearchAction\",\"target\":{\"@type\":\"EntryPoint\",\"urlTemplate\":\"https:\/\/tasimaliegitim.com\/blog\/?s={search_term_string}\"},\"query-input\":{\"@type\":\"PropertyValueSpecification\",\"valueRequired\":true,\"valueName\":\"search_term_string\"}}],\"inLanguage\":\"tr\"},{\"@type\":\"Organization\",\"@id\":\"https:\/\/tasimaliegitim.com\/blog\/#organization\",\"name\":\"ta\u015f\u0131mal\u0131 e\u011fitim\",\"url\":\"https:\/\/tasimaliegitim.com\/blog\/\",\"logo\":{\"@type\":\"ImageObject\",\"inLanguage\":\"tr\",\"@id\":\"https:\/\/tasimaliegitim.com\/blog\/#\/schema\/logo\/image\/\",\"url\":\"https:\/\/tasimaliegitim.com\/blog\/wp-content\/uploads\/2019\/09\/logo-3.png\",\"contentUrl\":\"https:\/\/tasimaliegitim.com\/blog\/wp-content\/uploads\/2019\/09\/logo-3.png\",\"width\":216,\"height\":57,\"caption\":\"ta\u015f\u0131mal\u0131 e\u011fitim\"},\"image\":{\"@id\":\"https:\/\/tasimaliegitim.com\/blog\/#\/schema\/logo\/image\/\"}}]}<\/script>\n<!-- \/ Yoast SEO plugin. -->","yoast_head_json":{"title":"Yard\u0131m | Ta\u015f\u0131mal\u0131 E\u011fitim Blog","robots":{"index":"index","follow":"follow","max-snippet":"max-snippet:-1","max-image-preview":"max-image-preview:large","max-video-preview":"max-video-preview:-1"},"canonical":"https:\/\/tasimaliegitim.com\/blog\/yardim\/","og_locale":"tr_TR","og_type":"article","og_title":"Yard\u0131m | Ta\u015f\u0131mal\u0131 E\u011fitim Blog","og_description":"Yakla\u015f\u0131k Maliyet hesab\u0131 online olarak nas\u0131l yap\u0131l\u0131r Online Lisans Kayd\u0131 nas\u0131l yap\u0131l\u0131r Sabitleri ayarlama personel bilgileri maa\u015f i\u015flemleri gibi t\u00fcm fonksiyon \u00f6zelliklerini \u00f6nceden girmeniz gerekmektedir. bunun i\u00e7in sabitler b\u00f6l\u00fcm\u00fcnden ayarlamalar\u0131n\u0131z\u0131 yapabilirsiniz.","og_url":"https:\/\/tasimaliegitim.com\/blog\/yardim\/","og_site_name":"Ta\u015f\u0131mal\u0131 E\u011fitim Blog","article_modified_time":"2020-07-06T13:34:45+00:00","twitter_card":"summary_large_image","schema":{"@context":"https:\/\/schema.org","@graph":[{"@type":"WebPage","@id":"https:\/\/tasimaliegitim.com\/blog\/yardim\/","url":"https:\/\/tasimaliegitim.com\/blog\/yardim\/","name":"Yard\u0131m | Ta\u015f\u0131mal\u0131 E\u011fitim Blog","isPartOf":{"@id":"https:\/\/tasimaliegitim.com\/blog\/#website"},"primaryImageOfPage":{"@id":"https:\/\/tasimaliegitim.com\/blog\/yardim\/#primaryimage"},"image":{"@id":"https:\/\/tasimaliegitim.com\/blog\/yardim\/#primaryimage"},"thumbnailUrl":"https:\/\/tasimaliegitim.com\/blog\/wp-content\/uploads\/2021\/10\/resim-yok.png","datePublished":"2020-06-17T13:21:35+00:00","dateModified":"2020-07-06T13:34:45+00:00","breadcrumb":{"@id":"https:\/\/tasimaliegitim.com\/blog\/yardim\/#breadcrumb"},"inLanguage":"tr","potentialAction":[{"@type":"ReadAction","target":["https:\/\/tasimaliegitim.com\/blog\/yardim\/"]}]},{"@type":"ImageObject","inLanguage":"tr","@id":"https:\/\/tasimaliegitim.com\/blog\/yardim\/#primaryimage","url":"https:\/\/tasimaliegitim.com\/blog\/wp-content\/uploads\/2021\/10\/resim-yok.png","contentUrl":"https:\/\/tasimaliegitim.com\/blog\/wp-content\/uploads\/2021\/10\/resim-yok.png","width":512,"height":352},{"@type":"BreadcrumbList","@id":"https:\/\/tasimaliegitim.com\/blog\/yardim\/#breadcrumb","itemListElement":[{"@type":"ListItem","position":1,"name":"Home","item":"https:\/\/tasimaliegitim.com\/blog\/"},{"@type":"ListItem","position":2,"name":"Yard\u0131m"}]},{"@type":"WebSite","@id":"https:\/\/tasimaliegitim.com\/blog\/#website","url":"https:\/\/tasimaliegitim.com\/blog\/","name":"Ta\u015f\u0131mal\u0131 E\u011fitim Blog","description":"","publisher":{"@id":"https:\/\/tasimaliegitim.com\/blog\/#organization"},"potentialAction":[{"@type":"SearchAction","target":{"@type":"EntryPoint","urlTemplate":"https:\/\/tasimaliegitim.com\/blog\/?s={search_term_string}"},"query-input":{"@type":"PropertyValueSpecification","valueRequired":true,"valueName":"search_term_string"}}],"inLanguage":"tr"},{"@type":"Organization","@id":"https:\/\/tasimaliegitim.com\/blog\/#organization","name":"ta\u015f\u0131mal\u0131 e\u011fitim","url":"https:\/\/tasimaliegitim.com\/blog\/","logo":{"@type":"ImageObject","inLanguage":"tr","@id":"https:\/\/tasimaliegitim.com\/blog\/#\/schema\/logo\/image\/","url":"https:\/\/tasimaliegitim.com\/blog\/wp-content\/uploads\/2019\/09\/logo-3.png","contentUrl":"https:\/\/tasimaliegitim.com\/blog\/wp-content\/uploads\/2019\/09\/logo-3.png","width":216,"height":57,"caption":"ta\u015f\u0131mal\u0131 e\u011fitim"},"image":{"@id":"https:\/\/tasimaliegitim.com\/blog\/#\/schema\/logo\/image\/"}}]}},"_links":{"self":[{"href":"https:\/\/tasimaliegitim.com\/blog\/wp-json\/wp\/v2\/pages\/164","targetHints":{"allow":["GET"]}}],"collection":[{"href":"https:\/\/tasimaliegitim.com\/blog\/wp-json\/wp\/v2\/pages"}],"about":[{"href":"https:\/\/tasimaliegitim.com\/blog\/wp-json\/wp\/v2\/types\/page"}],"author":[{"embeddable":true,"href":"https:\/\/tasimaliegitim.com\/blog\/wp-json\/wp\/v2\/users\/2"}],"replies":[{"embeddable":true,"href":"https:\/\/tasimaliegitim.com\/blog\/wp-json\/wp\/v2\/comments?post=164"}],"version-history":[{"count":7,"href":"https:\/\/tasimaliegitim.com\/blog\/wp-json\/wp\/v2\/pages\/164\/revisions"}],"predecessor-version":[{"id":316,"href":"https:\/\/tasimaliegitim.com\/blog\/wp-json\/wp\/v2\/pages\/164\/revisions\/316"}],"wp:featuredmedia":[{"embeddable":true,"href":"https:\/\/tasimaliegitim.com\/blog\/wp-json\/wp\/v2\/media\/521"}],"wp:attachment":[{"href":"https:\/\/tasimaliegitim.com\/blog\/wp-json\/wp\/v2\/media?parent=164"}],"curies":[{"name":"wp","href":"https:\/\/api.w.org\/{rel}","templated":true}]}}